{"id":368,"date":"2025-01-31T19:13:11","date_gmt":"2025-01-31T19:13:11","guid":{"rendered":"https:\/\/lenehenningsen.dk\/?page_id=368"},"modified":"2025-02-16T14:07:58","modified_gmt":"2025-02-16T14:07:58","slug":"om-about","status":"publish","type":"page","link":"https:\/\/lenehenningsen.dk\/?page_id=368","title":{"rendered":"Om\/About"},"content":{"rendered":"\n<p style=\"font-size:18px\"><em>Hendes notesblok, det flygtige portr\u00e6t &#8230;<\/em><\/p>\n\n\n\n<p style=\"font-size:17px;line-height:1.3\">M\u00e5ske kan jeg ikke l\u00e6ngere udtrykke mig i de former, jeg syntes var naturlige f\u00f8r &#8211; ud over b\u00f8gerne. En blog p\u00e5 en otte \u00e5r gammel hjemmeside har stort set st\u00e5et stille siden februar 2022 (virkede hjemmesiden efterh\u00e5nden for &#8211; troskyldig p\u00e5 mig?), og de punktvise opslag p\u00e5 Facebook og Instagram vil jeg nu (ogs\u00e5 af politiske \u00e5rsager) helst lukke for, kanalisere nye steder hen.<\/p>\n\n\n\n<p style=\"font-size:17px;line-height:1.3\">Energien skal koncentreres, og det kommer til at ske p\u00e5 min nye blog: De tanker, ideer og billeder, som jeg gerne vil holde fast p\u00e5 i str\u00f8mmen af dage &#8211; sender jeg ud til jer her.<br>  <em>&#8211; Februar 2025<\/em><\/p>\n\n\n\n<p class=\"has-text-color has-link-color wp-elements-6b77ce91c294407c038548085bff14d0\" style=\"color:#3278b0\">Energy needs to be concentrated, and that will happen on my new blog: Thoughts, ideas and images that I want to hold on to in the flow of days &#8211; I post them to you here.<br> <em>&#8211; February 2025<\/em><\/p>\n\n\n\n<p>___<\/p>\n\n\n\n<p style=\"font-size:18px\"><em>Interesseomr\u00e5der:<\/em><\/p>\n\n\n\n<p>Digtning &#8211; Vision, realitet og musikalitet<br>Hestetr\u00e6ning &#8211; Slip hesten fri<br>Skriveterapi &#8211; Sprog og bevidsthed<br>Moderne shamanisme<br>Poetisk Podcast &#8211; Poetisk aktivisme<\/p>\n\n\n\n<p class=\"has-text-color has-link-color wp-elements-69a5d0653b2e3842dc802c178bde6bcc\" style=\"color:#3278b0;font-size:18px\"><em>Fields of interest:<\/em><\/p>\n\n\n\n<p class=\"has-text-color has-link-color wp-elements-ef82017195c4f41a97e962a3dff7e102\" style=\"color:#3278b0\">Poetry &#8211; Vision, reality and musicality<br>Horse training &#8211; Set the horse free<br>Writing therapy &#8211; Language and mind<br>Modern shamanism<br>Poetic Podcast &#8211; Poetic activism<\/p>\n\n\n\n<p>___<\/p>\n\n\n\n<p style=\"font-size:18px\"><em>Udgivelser:<\/em><\/p>\n\n\n\n<p style=\"font-size:17px;line-height:1.3\">Jeg siger sig, digte, 1991<br>Sabbat, digte, 1992<br>Solsmykket, digte, 1993<br>En dr\u00f8m m\u00e6rket dag &#8211; telegrammer og digt\/liv, 1994<br>De bl\u00e5 vidner, digte, 1995<br>Stemmer med uvejret, digte 1998<br>Kejsertjeneren \/ Ingen s\u00f8vn i Dubrovnik \u2013 to l\u00e6sedramaer, 2000<br>Kalender 2000, digte, 2001<br>Siden som stjerne, digte, 3003<br>B\u00f8lgen tegner pr\u00e6cist &#8211; optegnelser, 2004<br>Havfruefonografen \/ Fonogrammer fra bl\u00e6stens datter, digte, 2006<br>M\u00e6rket um\u00e6rkeligt &#8211; essay om digt, myte, stjerne og vin, 2008<br>Karnevals alter, digte, 2011<br>Vi lever et digt &#8211; filmiske fragmenter, 2014<br>Stilhedsbilleder til et opr\u00f8r, digte og fotografier, 2016<br>Arles \u2027 Japan \u2027 Klippede &#8211; kunstnerdokumenter, 2018<br>Oskar og Alma: I stormen skal vi giftes &#8211; poetisk podcast, 2019<br>Atomar, digte, 2022<br>Weiss-Manettis forudsigelse, roman, 2022<br>Moderne shaman &#8211; en introduktion, 2023<\/p>\n\n\n\n<p style=\"font-size:17px;line-height:1.3\"><em>Atomar<\/em>, <em>Weiss-Manettis forudsigelse<\/em> og <em>Moderne shaman<\/em> er udgivet p\u00e5 Maggies Mill, ogs\u00e5 i engelske overs\u00e6ttelser.<\/p>\n\n\n\n<p class=\"has-text-color has-link-color wp-elements-de091baf8b7a42d9833702332b7bf12c\" style=\"color:#3278b0;font-size:17px;line-height:1.3\"><em>Atomic Scars<\/em>, <em>The Weiss-Manetti Prediction<\/em> and <em>Modern Shaman<\/em> are published by <a href=\"https:\/\/maggiesmill.dk\/\" data-type=\"link\" data-id=\"https:\/\/maggiesmill.dk\/\" target=\"_blank\" rel=\"noreferrer noopener\">Maggies Mill<\/a>, also in English translations.<\/p>\n\n\n\n<p>___<\/p>\n\n\n\n<p style=\"font-size:18px\"><em>Links:<\/em><\/p>\n\n\n\n<p><a href=\"https:\/\/www.poetiskpodcast.dk\/\" target=\"_blank\" rel=\"noreferrer noopener\">Poetisk Podcast<\/a><br><a href=\"https:\/\/www.maggiesmill.dk\/\" data-type=\"link\" data-id=\"https:\/\/www.maggiesmill.dk\/\" target=\"_blank\" rel=\"noreferrer noopener\">Forlaget Maggies Mill<\/a><\/p>\n\n\n\n<p>___<\/p>\n\n\n\n<p style=\"font-size:18px\"><em>Andet:<\/em><\/p>\n\n\n\n<p>Leder af Poesiens Hus 2010-2017<br>Podcast-redakt\u00f8r, overs\u00e6tter, korrespondent<\/p>\n\n\n\n<p>___<\/p>\n\n\n\n<p style=\"font-size:18px\"><em>Kontakt: <\/em><\/p>\n\n\n\n<p>lenehenningsen@gmail.com  <br>+45 27944898<\/p>\n","protected":false},"excerpt":{"rendered":"<p>Hendes notesblok, det flygtige portr\u00e6t &#8230; M\u00e5ske kan jeg ikke l\u00e6ngere udtrykke mig i de former, jeg syntes var naturlige f\u00f8r &#8211; ud over b\u00f8gerne. En blog p\u00e5 en otte \u00e5r gammel hjemmeside har stort set st\u00e5et stille siden februar 2022 (virkede hjemmesiden efterh\u00e5nden for &#8211; troskyldig p\u00e5 mig?), og de punktvise opslag p\u00e5 Facebook [&hellip;]<\/p>\n","protected":false},"author":1,"featured_media":0,"parent":0,"menu_order":0,"comment_status":"closed","ping_status":"closed","template":"","meta":{"_uag_custom_page_level_css":"","site-sidebar-layout":"default","site-content-layout":"","ast-site-content-layout":"","site-content-style":"default","site-sidebar-style":"default","ast-global-header-display":"","ast-banner-title-visibility":"","ast-main-header-display":"","ast-hfb-above-header-display":"","ast-hfb-below-header-display":"","ast-hfb-mobile-header-display":"","site-post-title":"disabled","ast-breadcrumbs-content":"","ast-featured-img":"","footer-sml-layout":"","theme-transparent-header-meta":"","adv-header-id-meta":"","stick-header-meta":"","header-above-stick-meta":"","header-main-stick-meta":"","header-below-stick-meta":"","astra-migrate-meta-layouts":"default","ast-page-background-enabled":"default","ast-page-background-meta":{"desktop":{"background-color":"var(--ast-global-color-5)","background-image":"","background-repeat":"repeat","background-position":"center center","background-size":"auto","background-attachment":"scroll","background-type":"","background-media":"","overlay-type":"","overlay-color":"","overlay-opacity":"","overlay-gradient":""},"tablet":{"background-color":"","background-image":"","background-repeat":"repeat","background-position":"center center","background-size":"auto","background-attachment":"scroll","background-type":"","background-media":"","overlay-type":"","overlay-color":"","overlay-opacity":"","overlay-gradient":""},"mobile":{"background-color":"","background-image":"","background-repeat":"repeat","background-position":"center center","background-size":"auto","background-attachment":"scroll","background-type":"","background-media":"","overlay-type":"","overlay-color":"","overlay-opacity":"","overlay-gradient":""}},"ast-content-background-meta":{"desktop":{"background-color":"var(--ast-global-color-4)","background-image":"","background-repeat":"repeat","background-position":"center center","background-size":"auto","background-attachment":"scroll","background-type":"","background-media":"","overlay-type":"","overlay-color":"","overlay-opacity":"","overlay-gradient":""},"tablet":{"background-color":"var(--ast-global-color-4)","background-image":"","background-repeat":"repeat","background-position":"center center","background-size":"auto","background-attachment":"scroll","background-type":"","background-media":"","overlay-type":"","overlay-color":"","overlay-opacity":"","overlay-gradient":""},"mobile":{"background-color":"var(--ast-global-color-4)","background-image":"","background-repeat":"repeat","background-position":"center center","background-size":"auto","background-attachment":"scroll","background-type":"","background-media":"","overlay-type":"","overlay-color":"","overlay-opacity":"","overlay-gradient":""}},"footnotes":""},"class_list":["post-368","page","type-page","status-publish","hentry"],"uagb_featured_image_src":{"full":false,"thumbnail":false,"medium":false,"medium_large":false,"large":false,"1536x1536":false,"2048x2048":false},"uagb_author_info":{"display_name":"admin","author_link":"https:\/\/lenehenningsen.dk\/?author=1"},"uagb_comment_info":0,"uagb_excerpt":"Hendes notesblok, det flygtige portr\u00e6t &#8230; M\u00e5ske kan jeg ikke l\u00e6ngere udtrykke mig i de former, jeg syntes var naturlige f\u00f8r &#8211; ud over b\u00f8gerne. En blog p\u00e5 en otte \u00e5r gammel hjemmeside har stort set st\u00e5et stille siden februar 2022 (virkede hjemmesiden efterh\u00e5nden for &#8211; troskyldig p\u00e5 mig?), og de punktvise opslag p\u00e5 Facebook&hellip;","_links":{"self":[{"href":"https:\/\/lenehenningsen.dk\/index.php?rest_route=\/wp\/v2\/pages\/368","targetHints":{"allow":["GET"]}}],"collection":[{"href":"https:\/\/lenehenningsen.dk\/index.php?rest_route=\/wp\/v2\/pages"}],"about":[{"href":"https:\/\/lenehenningsen.dk\/index.php?rest_route=\/wp\/v2\/types\/page"}],"author":[{"embeddable":true,"href":"https:\/\/lenehenningsen.dk\/index.php?rest_route=\/wp\/v2\/users\/1"}],"replies":[{"embeddable":true,"href":"https:\/\/lenehenningsen.dk\/index.php?rest_route=%2Fwp%2Fv2%2Fcomments&post=368"}],"version-history":[{"count":32,"href":"https:\/\/lenehenningsen.dk\/index.php?rest_route=\/wp\/v2\/pages\/368\/revisions"}],"predecessor-version":[{"id":599,"href":"https:\/\/lenehenningsen.dk\/index.php?rest_route=\/wp\/v2\/pages\/368\/revisions\/599"}],"wp:attachment":[{"href":"https:\/\/lenehenningsen.dk\/index.php?rest_route=%2Fwp%2Fv2%2Fmedia&parent=368"}],"curies":[{"name":"wp","href":"https:\/\/api.w.org\/{rel}","templated":true}]}}